{"id":1857,"date":"2025-10-06T18:20:05","date_gmt":"2025-10-06T16:20:05","guid":{"rendered":"https:\/\/www.estoytrabajandoenello.es\/jamboree\/?page_id=1857"},"modified":"2026-01-26T13:44:23","modified_gmt":"2026-01-26T12:44:23","slug":"regala-jamboree","status":"publish","type":"page","link":"https:\/\/jamboreejazz.com\/es\/regala-jamboree\/","title":{"rendered":"Regala Jamboree"},"content":{"rendered":"\t\t<div data-elementor-type=\"wp-page\" data-elementor-id=\"1857\" class=\"elementor elementor-1857\" data-elementor-post-type=\"page\">\n\t\t\t\t<div class=\"elementor-element elementor-element-e6cb86e e-con-full e-flex e-con e-parent\" data-id=\"e6cb86e\" data-element_type=\"container\" data-e-type=\"container\" data-settings=\"{&quot;background_background&quot;:&quot;classic&quot;}\">\n\t\t\t\t<div class=\"elementor-element elementor-element-090266f elementor-widget elementor-widget-template\" data-id=\"090266f\" data-element_type=\"widget\" data-e-type=\"widget\" data-widget_type=\"template.default\">\n\t\t\t\t<div class=\"elementor-widget-container\">\n\t\t\t\t\t\t\t<div class=\"elementor-template\">\n\t\t\t\t\t<div data-elementor-type=\"container\" data-elementor-id=\"663\" class=\"elementor elementor-663\" data-elementor-post-type=\"elementor_library\">\n\t\t\t\t<div class=\"elementor-element elementor-element-234306d3 e-flex e-con-boxed e-con e-parent\" data-id=\"234306d3\" data-element_type=\"container\" data-e-type=\"container\" data-settings=\"{&quot;background_background&quot;:&quot;classic&quot;}\">\n\t\t\t\t\t<div class=\"e-con-inner\">\n\t\t\t\t\t<\/div>\n\t\t\t\t<\/div>\n\t\t\t\t<\/div>\n\t\t\t\t<\/div>\n\t\t\t\t\t\t<\/div>\n\t\t\t\t<\/div>\n\t\t\t\t<\/div>\n\t\t<div class=\"elementor-element elementor-element-5329a8b e-con-full e-flex e-con e-parent\" data-id=\"5329a8b\" data-element_type=\"container\" data-e-type=\"container\" data-settings=\"{&quot;background_background&quot;:&quot;classic&quot;}\">\n\t\t\t\t<div class=\"elementor-element elementor-element-8152e55 elementor-widget elementor-widget-template\" data-id=\"8152e55\" data-element_type=\"widget\" data-e-type=\"widget\" data-widget_type=\"template.default\">\n\t\t\t\t<div class=\"elementor-widget-container\">\n\t\t\t\t\t\t\t<div class=\"elementor-template\">\n\t\t\t\t\t<div data-elementor-type=\"container\" data-elementor-id=\"1770\" class=\"elementor elementor-1770\" data-elementor-post-type=\"elementor_library\">\n\t\t\t\t<div class=\"elementor-element elementor-element-7aee3fc7 e-con-full claim-hover e-flex e-con e-parent\" data-id=\"7aee3fc7\" data-element_type=\"container\" data-e-type=\"container\">\n\t\t\t\t<div class=\"elementor-element elementor-element-25c5e598 elementor-icon-list--layout-inline efecte-marquee elementor-align-center elementor-widget__width-inherit elementor-list-item-link-full_width elementor-widget elementor-widget-icon-list\" data-id=\"25c5e598\" data-element_type=\"widget\" data-e-type=\"widget\" data-widget_type=\"icon-list.default\">\n\t\t\t\t\t\t\t<ul class=\"elementor-icon-list-items elementor-inline-items\">\n\t\t\t\t\t\t\t<li class=\"elementor-icon-list-item elementor-inline-item\">\n\t\t\t\t\t\t\t\t\t\t\t<span class=\"elementor-icon-list-icon\">\n\t\t\t\t\t\t\t<svg xmlns=\"http:\/\/www.w3.org\/2000\/svg\" id=\"Capa_1\" viewBox=\"0 0 32 24\"><polygon points=\"20 0 18.7 1.3 28.4 11.1 0 11.1 0 12.9 28.4 12.9 18.7 22.7 20 24 32 12 20 0\"><\/polygon><\/svg>\t\t\t\t\t\t<\/span>\n\t\t\t\t\t\t\t\t\t\t<span class=\"elementor-icon-list-text\">Informaci\u00f3n<\/span>\n\t\t\t\t\t\t\t\t\t<\/li>\n\t\t\t\t\t\t\t\t<li class=\"elementor-icon-list-item elementor-inline-item\">\n\t\t\t\t\t\t\t\t\t\t\t<span class=\"elementor-icon-list-icon\">\n\t\t\t\t\t\t\t<svg xmlns=\"http:\/\/www.w3.org\/2000\/svg\" id=\"Capa_1\" viewBox=\"0 0 32 24\"><polygon points=\"20 0 18.7 1.3 28.4 11.1 0 11.1 0 12.9 28.4 12.9 18.7 22.7 20 24 32 12 20 0\"><\/polygon><\/svg>\t\t\t\t\t\t<\/span>\n\t\t\t\t\t\t\t\t\t\t<span class=\"elementor-icon-list-text\">Informaci\u00f3n<\/span>\n\t\t\t\t\t\t\t\t\t<\/li>\n\t\t\t\t\t\t\t\t<li class=\"elementor-icon-list-item elementor-inline-item\">\n\t\t\t\t\t\t\t\t\t\t\t<span class=\"elementor-icon-list-icon\">\n\t\t\t\t\t\t\t<svg xmlns=\"http:\/\/www.w3.org\/2000\/svg\" id=\"Capa_1\" viewBox=\"0 0 32 24\"><polygon points=\"20 0 18.7 1.3 28.4 11.1 0 11.1 0 12.9 28.4 12.9 18.7 22.7 20 24 32 12 20 0\"><\/polygon><\/svg>\t\t\t\t\t\t<\/span>\n\t\t\t\t\t\t\t\t\t\t<span class=\"elementor-icon-list-text\">Informaci\u00f3n<\/span>\n\t\t\t\t\t\t\t\t\t<\/li>\n\t\t\t\t\t\t\t\t<li class=\"elementor-icon-list-item elementor-inline-item\">\n\t\t\t\t\t\t\t\t\t\t\t<span class=\"elementor-icon-list-icon\">\n\t\t\t\t\t\t\t<svg xmlns=\"http:\/\/www.w3.org\/2000\/svg\" id=\"Capa_1\" viewBox=\"0 0 32 24\"><polygon points=\"20 0 18.7 1.3 28.4 11.1 0 11.1 0 12.9 28.4 12.9 18.7 22.7 20 24 32 12 20 0\"><\/polygon><\/svg>\t\t\t\t\t\t<\/span>\n\t\t\t\t\t\t\t\t\t\t<span class=\"elementor-icon-list-text\">Informaci\u00f3n<\/span>\n\t\t\t\t\t\t\t\t\t<\/li>\n\t\t\t\t\t\t\t\t<li class=\"elementor-icon-list-item elementor-inline-item\">\n\t\t\t\t\t\t\t\t\t\t\t<span class=\"elementor-icon-list-icon\">\n\t\t\t\t\t\t\t<svg xmlns=\"http:\/\/www.w3.org\/2000\/svg\" id=\"Capa_1\" viewBox=\"0 0 32 24\"><polygon points=\"20 0 18.7 1.3 28.4 11.1 0 11.1 0 12.9 28.4 12.9 18.7 22.7 20 24 32 12 20 0\"><\/polygon><\/svg>\t\t\t\t\t\t<\/span>\n\t\t\t\t\t\t\t\t\t\t<span class=\"elementor-icon-list-text\">Informaci\u00f3n<\/span>\n\t\t\t\t\t\t\t\t\t<\/li>\n\t\t\t\t\t\t\t\t<li class=\"elementor-icon-list-item elementor-inline-item\">\n\t\t\t\t\t\t\t\t\t\t\t<span class=\"elementor-icon-list-icon\">\n\t\t\t\t\t\t\t<svg xmlns=\"http:\/\/www.w3.org\/2000\/svg\" id=\"Capa_1\" viewBox=\"0 0 32 24\"><polygon points=\"20 0 18.7 1.3 28.4 11.1 0 11.1 0 12.9 28.4 12.9 18.7 22.7 20 24 32 12 20 0\"><\/polygon><\/svg>\t\t\t\t\t\t<\/span>\n\t\t\t\t\t\t\t\t\t\t<span class=\"elementor-icon-list-text\">Informaci\u00f3n<\/span>\n\t\t\t\t\t\t\t\t\t<\/li>\n\t\t\t\t\t\t\t\t<li class=\"elementor-icon-list-item elementor-inline-item\">\n\t\t\t\t\t\t\t\t\t\t\t<span class=\"elementor-icon-list-icon\">\n\t\t\t\t\t\t\t<svg xmlns=\"http:\/\/www.w3.org\/2000\/svg\" id=\"Capa_1\" viewBox=\"0 0 32 24\"><polygon points=\"20 0 18.7 1.3 28.4 11.1 0 11.1 0 12.9 28.4 12.9 18.7 22.7 20 24 32 12 20 0\"><\/polygon><\/svg>\t\t\t\t\t\t<\/span>\n\t\t\t\t\t\t\t\t\t\t<span class=\"elementor-icon-list-text\">Informaci\u00f3n<\/span>\n\t\t\t\t\t\t\t\t\t<\/li>\n\t\t\t\t\t\t\t\t<li class=\"elementor-icon-list-item elementor-inline-item\">\n\t\t\t\t\t\t\t\t\t\t\t<span class=\"elementor-icon-list-icon\">\n\t\t\t\t\t\t\t<svg xmlns=\"http:\/\/www.w3.org\/2000\/svg\" id=\"Capa_1\" viewBox=\"0 0 32 24\"><polygon points=\"20 0 18.7 1.3 28.4 11.1 0 11.1 0 12.9 28.4 12.9 18.7 22.7 20 24 32 12 20 0\"><\/polygon><\/svg>\t\t\t\t\t\t<\/span>\n\t\t\t\t\t\t\t\t\t\t<span class=\"elementor-icon-list-text\">Informaci\u00f3n<\/span>\n\t\t\t\t\t\t\t\t\t<\/li>\n\t\t\t\t\t\t\t\t<li class=\"elementor-icon-list-item elementor-inline-item\">\n\t\t\t\t\t\t\t\t\t\t\t<span class=\"elementor-icon-list-icon\">\n\t\t\t\t\t\t\t<svg xmlns=\"http:\/\/www.w3.org\/2000\/svg\" id=\"Capa_1\" viewBox=\"0 0 32 24\"><polygon points=\"20 0 18.7 1.3 28.4 11.1 0 11.1 0 12.9 28.4 12.9 18.7 22.7 20 24 32 12 20 0\"><\/polygon><\/svg>\t\t\t\t\t\t<\/span>\n\t\t\t\t\t\t\t\t\t\t<span class=\"elementor-icon-list-text\">Informaci\u00f3n<\/span>\n\t\t\t\t\t\t\t\t\t<\/li>\n\t\t\t\t\t\t\t\t<li class=\"elementor-icon-list-item elementor-inline-item\">\n\t\t\t\t\t\t\t\t\t\t\t<span class=\"elementor-icon-list-icon\">\n\t\t\t\t\t\t\t<svg xmlns=\"http:\/\/www.w3.org\/2000\/svg\" id=\"Capa_1\" viewBox=\"0 0 32 24\"><polygon points=\"20 0 18.7 1.3 28.4 11.1 0 11.1 0 12.9 28.4 12.9 18.7 22.7 20 24 32 12 20 0\"><\/polygon><\/svg>\t\t\t\t\t\t<\/span>\n\t\t\t\t\t\t\t\t\t\t<span class=\"elementor-icon-list-text\">Informaci\u00f3n<\/span>\n\t\t\t\t\t\t\t\t\t<\/li>\n\t\t\t\t\t\t\t\t<li class=\"elementor-icon-list-item elementor-inline-item\">\n\t\t\t\t\t\t\t\t\t\t\t<span class=\"elementor-icon-list-icon\">\n\t\t\t\t\t\t\t<svg xmlns=\"http:\/\/www.w3.org\/2000\/svg\" id=\"Capa_1\" viewBox=\"0 0 32 24\"><polygon points=\"20 0 18.7 1.3 28.4 11.1 0 11.1 0 12.9 28.4 12.9 18.7 22.7 20 24 32 12 20 0\"><\/polygon><\/svg>\t\t\t\t\t\t<\/span>\n\t\t\t\t\t\t\t\t\t\t<span class=\"elementor-icon-list-text\">Informaci\u00f3n<\/span>\n\t\t\t\t\t\t\t\t\t<\/li>\n\t\t\t\t\t\t\t\t<li class=\"elementor-icon-list-item elementor-inline-item\">\n\t\t\t\t\t\t\t\t\t\t\t<span class=\"elementor-icon-list-icon\">\n\t\t\t\t\t\t\t<svg xmlns=\"http:\/\/www.w3.org\/2000\/svg\" id=\"Capa_1\" viewBox=\"0 0 32 24\"><polygon points=\"20 0 18.7 1.3 28.4 11.1 0 11.1 0 12.9 28.4 12.9 18.7 22.7 20 24 32 12 20 0\"><\/polygon><\/svg>\t\t\t\t\t\t<\/span>\n\t\t\t\t\t\t\t\t\t\t<span class=\"elementor-icon-list-text\">Informaci\u00f3n<\/span>\n\t\t\t\t\t\t\t\t\t<\/li>\n\t\t\t\t\t\t\t\t<li class=\"elementor-icon-list-item elementor-inline-item\">\n\t\t\t\t\t\t\t\t\t\t\t<span class=\"elementor-icon-list-icon\">\n\t\t\t\t\t\t\t<svg xmlns=\"http:\/\/www.w3.org\/2000\/svg\" id=\"Capa_1\" viewBox=\"0 0 32 24\"><polygon points=\"20 0 18.7 1.3 28.4 11.1 0 11.1 0 12.9 28.4 12.9 18.7 22.7 20 24 32 12 20 0\"><\/polygon><\/svg>\t\t\t\t\t\t<\/span>\n\t\t\t\t\t\t\t\t\t\t<span class=\"elementor-icon-list-text\">Informaci\u00f3n<\/span>\n\t\t\t\t\t\t\t\t\t<\/li>\n\t\t\t\t\t\t\t\t<li class=\"elementor-icon-list-item elementor-inline-item\">\n\t\t\t\t\t\t\t\t\t\t\t<span class=\"elementor-icon-list-icon\">\n\t\t\t\t\t\t\t<svg xmlns=\"http:\/\/www.w3.org\/2000\/svg\" id=\"Capa_1\" viewBox=\"0 0 32 24\"><polygon points=\"20 0 18.7 1.3 28.4 11.1 0 11.1 0 12.9 28.4 12.9 18.7 22.7 20 24 32 12 20 0\"><\/polygon><\/svg>\t\t\t\t\t\t<\/span>\n\t\t\t\t\t\t\t\t\t\t<span class=\"elementor-icon-list-text\">Informaci\u00f3n<\/span>\n\t\t\t\t\t\t\t\t\t<\/li>\n\t\t\t\t\t\t\t\t<li class=\"elementor-icon-list-item elementor-inline-item\">\n\t\t\t\t\t\t\t\t\t\t\t<span class=\"elementor-icon-list-icon\">\n\t\t\t\t\t\t\t<svg xmlns=\"http:\/\/www.w3.org\/2000\/svg\" id=\"Capa_1\" viewBox=\"0 0 32 24\"><polygon points=\"20 0 18.7 1.3 28.4 11.1 0 11.1 0 12.9 28.4 12.9 18.7 22.7 20 24 32 12 20 0\"><\/polygon><\/svg>\t\t\t\t\t\t<\/span>\n\t\t\t\t\t\t\t\t\t\t<span class=\"elementor-icon-list-text\">Informaci\u00f3n<\/span>\n\t\t\t\t\t\t\t\t\t<\/li>\n\t\t\t\t\t\t\t\t<li class=\"elementor-icon-list-item elementor-inline-item\">\n\t\t\t\t\t\t\t\t\t\t\t<span class=\"elementor-icon-list-icon\">\n\t\t\t\t\t\t\t<svg xmlns=\"http:\/\/www.w3.org\/2000\/svg\" id=\"Capa_1\" viewBox=\"0 0 32 24\"><polygon points=\"20 0 18.7 1.3 28.4 11.1 0 11.1 0 12.9 28.4 12.9 18.7 22.7 20 24 32 12 20 0\"><\/polygon><\/svg>\t\t\t\t\t\t<\/span>\n\t\t\t\t\t\t\t\t\t\t<span class=\"elementor-icon-list-text\">Informaci\u00f3n<\/span>\n\t\t\t\t\t\t\t\t\t<\/li>\n\t\t\t\t\t\t\t\t<li class=\"elementor-icon-list-item elementor-inline-item\">\n\t\t\t\t\t\t\t\t\t\t\t<span class=\"elementor-icon-list-icon\">\n\t\t\t\t\t\t\t<svg xmlns=\"http:\/\/www.w3.org\/2000\/svg\" id=\"Capa_1\" viewBox=\"0 0 32 24\"><polygon points=\"20 0 18.7 1.3 28.4 11.1 0 11.1 0 12.9 28.4 12.9 18.7 22.7 20 24 32 12 20 0\"><\/polygon><\/svg>\t\t\t\t\t\t<\/span>\n\t\t\t\t\t\t\t\t\t\t<span class=\"elementor-icon-list-text\">Informaci\u00f3n<\/span>\n\t\t\t\t\t\t\t\t\t<\/li>\n\t\t\t\t\t\t\t\t<li class=\"elementor-icon-list-item elementor-inline-item\">\n\t\t\t\t\t\t\t\t\t\t\t<span class=\"elementor-icon-list-icon\">\n\t\t\t\t\t\t\t<svg xmlns=\"http:\/\/www.w3.org\/2000\/svg\" id=\"Capa_1\" viewBox=\"0 0 32 24\"><polygon points=\"20 0 18.7 1.3 28.4 11.1 0 11.1 0 12.9 28.4 12.9 18.7 22.7 20 24 32 12 20 0\"><\/polygon><\/svg>\t\t\t\t\t\t<\/span>\n\t\t\t\t\t\t\t\t\t\t<span class=\"elementor-icon-list-text\">Informaci\u00f3n<\/span>\n\t\t\t\t\t\t\t\t\t<\/li>\n\t\t\t\t\t\t\t\t<li class=\"elementor-icon-list-item elementor-inline-item\">\n\t\t\t\t\t\t\t\t\t\t\t<span class=\"elementor-icon-list-icon\">\n\t\t\t\t\t\t\t<svg xmlns=\"http:\/\/www.w3.org\/2000\/svg\" id=\"Capa_1\" viewBox=\"0 0 32 24\"><polygon points=\"20 0 18.7 1.3 28.4 11.1 0 11.1 0 12.9 28.4 12.9 18.7 22.7 20 24 32 12 20 0\"><\/polygon><\/svg>\t\t\t\t\t\t<\/span>\n\t\t\t\t\t\t\t\t\t\t<span class=\"elementor-icon-list-text\">Informaci\u00f3n<\/span>\n\t\t\t\t\t\t\t\t\t<\/li>\n\t\t\t\t\t\t\t\t<li class=\"elementor-icon-list-item elementor-inline-item\">\n\t\t\t\t\t\t\t\t\t\t\t<span class=\"elementor-icon-list-icon\">\n\t\t\t\t\t\t\t<svg xmlns=\"http:\/\/www.w3.org\/2000\/svg\" id=\"Capa_1\" viewBox=\"0 0 32 24\"><polygon points=\"20 0 18.7 1.3 28.4 11.1 0 11.1 0 12.9 28.4 12.9 18.7 22.7 20 24 32 12 20 0\"><\/polygon><\/svg>\t\t\t\t\t\t<\/span>\n\t\t\t\t\t\t\t\t\t\t<span class=\"elementor-icon-list-text\">Informaci\u00f3n<\/span>\n\t\t\t\t\t\t\t\t\t<\/li>\n\t\t\t\t\t\t\t\t<li class=\"elementor-icon-list-item elementor-inline-item\">\n\t\t\t\t\t\t\t\t\t\t\t<span class=\"elementor-icon-list-icon\">\n\t\t\t\t\t\t\t<svg xmlns=\"http:\/\/www.w3.org\/2000\/svg\" id=\"Capa_1\" viewBox=\"0 0 32 24\"><polygon points=\"20 0 18.7 1.3 28.4 11.1 0 11.1 0 12.9 28.4 12.9 18.7 22.7 20 24 32 12 20 0\"><\/polygon><\/svg>\t\t\t\t\t\t<\/span>\n\t\t\t\t\t\t\t\t\t\t<span class=\"elementor-icon-list-text\">Informaci\u00f3n<\/span>\n\t\t\t\t\t\t\t\t\t<\/li>\n\t\t\t\t\t\t\t\t<li class=\"elementor-icon-list-item elementor-inline-item\">\n\t\t\t\t\t\t\t\t\t\t\t<span class=\"elementor-icon-list-icon\">\n\t\t\t\t\t\t\t<svg xmlns=\"http:\/\/www.w3.org\/2000\/svg\" id=\"Capa_1\" viewBox=\"0 0 32 24\"><polygon points=\"20 0 18.7 1.3 28.4 11.1 0 11.1 0 12.9 28.4 12.9 18.7 22.7 20 24 32 12 20 0\"><\/polygon><\/svg>\t\t\t\t\t\t<\/span>\n\t\t\t\t\t\t\t\t\t\t<span class=\"elementor-icon-list-text\">Informaci\u00f3n<\/span>\n\t\t\t\t\t\t\t\t\t<\/li>\n\t\t\t\t\t\t\t\t<li class=\"elementor-icon-list-item elementor-inline-item\">\n\t\t\t\t\t\t\t\t\t\t\t<span class=\"elementor-icon-list-icon\">\n\t\t\t\t\t\t\t<svg xmlns=\"http:\/\/www.w3.org\/2000\/svg\" id=\"Capa_1\" viewBox=\"0 0 32 24\"><polygon points=\"20 0 18.7 1.3 28.4 11.1 0 11.1 0 12.9 28.4 12.9 18.7 22.7 20 24 32 12 20 0\"><\/polygon><\/svg>\t\t\t\t\t\t<\/span>\n\t\t\t\t\t\t\t\t\t\t<span class=\"elementor-icon-list-text\">Informaci\u00f3n<\/span>\n\t\t\t\t\t\t\t\t\t<\/li>\n\t\t\t\t\t\t\t\t<li class=\"elementor-icon-list-item elementor-inline-item\">\n\t\t\t\t\t\t\t\t\t\t\t<span class=\"elementor-icon-list-icon\">\n\t\t\t\t\t\t\t<svg xmlns=\"http:\/\/www.w3.org\/2000\/svg\" id=\"Capa_1\" viewBox=\"0 0 32 24\"><polygon points=\"20 0 18.7 1.3 28.4 11.1 0 11.1 0 12.9 28.4 12.9 18.7 22.7 20 24 32 12 20 0\"><\/polygon><\/svg>\t\t\t\t\t\t<\/span>\n\t\t\t\t\t\t\t\t\t\t<span class=\"elementor-icon-list-text\">Informaci\u00f3n<\/span>\n\t\t\t\t\t\t\t\t\t<\/li>\n\t\t\t\t\t\t\t\t<li class=\"elementor-icon-list-item elementor-inline-item\">\n\t\t\t\t\t\t\t\t\t\t\t<span class=\"elementor-icon-list-icon\">\n\t\t\t\t\t\t\t<svg xmlns=\"http:\/\/www.w3.org\/2000\/svg\" id=\"Capa_1\" viewBox=\"0 0 32 24\"><polygon points=\"20 0 18.7 1.3 28.4 11.1 0 11.1 0 12.9 28.4 12.9 18.7 22.7 20 24 32 12 20 0\"><\/polygon><\/svg>\t\t\t\t\t\t<\/span>\n\t\t\t\t\t\t\t\t\t\t<span class=\"elementor-icon-list-text\">Informaci\u00f3n<\/span>\n\t\t\t\t\t\t\t\t\t<\/li>\n\t\t\t\t\t\t<\/ul>\n\t\t\t\t\t\t<\/div>\n\t\t\t\t<\/div>\n\t\t\t\t<\/div>\n\t\t\t\t<\/div>\n\t\t\t\t\t\t<\/div>\n\t\t\t\t<\/div>\n\t\t\t\t<\/div>\n\t\t<div class=\"elementor-element elementor-element-6655c67 e-flex e-con-boxed e-con e-parent\" data-id=\"6655c67\" data-element_type=\"container\" data-e-type=\"container\" data-settings=\"{&quot;background_background&quot;:&quot;classic&quot;}\">\n\t\t\t\t\t<div class=\"e-con-inner\">\n\t\t\t\t<div class=\"elementor-element elementor-element-0cdaaa2 claim-inici elementor-invisible elementor-widget elementor-widget-heading\" data-id=\"0cdaaa2\" data-element_type=\"widget\" data-e-type=\"widget\" data-settings=\"{&quot;_animation&quot;:&quot;fadeInUp&quot;}\" data-widget_type=\"heading.default\">\n\t\t\t\t\t<h1 class=\"elementor-heading-title elementor-size-default\">Regala Jamboree<\/h1>\t\t\t\t<\/div>\n\t\t\t\t<div class=\"elementor-element elementor-element-5fceef7 claim-inici elementor-invisible elementor-widget elementor-widget-heading\" data-id=\"5fceef7\" data-element_type=\"widget\" data-e-type=\"widget\" data-settings=\"{&quot;_animation&quot;:&quot;fadeIn&quot;,&quot;_animation_delay&quot;:250}\" data-widget_type=\"heading.default\">\n\t\t\t\t\t<div class=\"elementor-heading-title elementor-size-default\">La Tarjeta Regalo de Jamboree\nBarcelona es la manera perfecta\nde compartir una experiencia\n\u00fanica en el club de jazz m\u00e1s\nemblem\u00e1tico de la ciudad.<\/div>\t\t\t\t<\/div>\n\t\t\t\t\t<\/div>\n\t\t\t\t<\/div>\n\t\t<div class=\"elementor-element elementor-element-ecf8bd0 e-flex e-con-boxed elementor-invisible e-con e-parent\" data-id=\"ecf8bd0\" data-element_type=\"container\" data-e-type=\"container\" data-settings=\"{&quot;background_background&quot;:&quot;classic&quot;,&quot;animation&quot;:&quot;bounceInUp&quot;}\">\n\t\t\t\t\t<div class=\"e-con-inner\">\n\t\t\t\t<div class=\"elementor-element elementor-element-c60c524 elementor-widget__width-initial elementor-hidden-mobile_extra elementor-hidden-mobile elementor-view-default elementor-widget elementor-widget-icon\" data-id=\"c60c524\" data-element_type=\"widget\" data-e-type=\"widget\" data-widget_type=\"icon.default\">\n\t\t\t\t\t\t\t<div class=\"elementor-icon-wrapper\">\n\t\t\t<div class=\"elementor-icon\">\n\t\t\t<svg xmlns=\"http:\/\/www.w3.org\/2000\/svg\" viewBox=\"0 0 604.2 662.6\"><path d=\"M287 481.4c3.3 12.2-4 24.8-16.2 28.1-5.9 1.6-12.2.8-17.4-2.3-1.8-1.1-3.5-2.4-5-4q-1.35-1.35-2.4-3c-1.4-2.1-2.6-4.4-3.3-7-3.3-12.2 3.9-24.8 16.2-28.1 6.1-1.6 12.3-.7 17.4 2.3s9.1 7.8 10.7 13.9Zm-178.7 24.1c-49.7 13.3-96.4-5.4-106.4-42.8s21.1-76.9 70.8-90.2c16.2-4.4 32.2-5.2 46.6-3.2L87.8 251.6l-14.4-54c-8.5-31.6 6.7-65 36-79.5l125.8-62.2c18.6-9.2 40-9.6 58.9-1s32.7 24.9 38.1 44.9l56.7 211.8c10 37.2-21.1 76.9-70.8 90.2s-96.4-5.4-106.4-42.8c-10-37.3 21.1-76.9 70.8-90.2 16.2-4.4 32.2-5.2 46.6-3.2l-41.3-154c-1.8-6.7-6.4-12.1-12.7-15-6.3-2.8-13.4-2.8-19.6.3l-125.8 62.2c-9.8 4.8-14.8 16-12 26.5l7.2 27 100.7-49.8c11.3-5.6 25.1-1 30.8 10.4 5.6 11.3 1 25.1-10.4 30.8l-108.9 53.9 42.2 157.3c10 37.2-21.1 76.9-70.8 90.2v-.1Zm236.2-182c-2.4-9-23.2-17.6-50.2-10.3-27 7.2-40.8 25-38.4 34 2.4 9.1 23.2 17.6 50.2 10.3 27-7.2 40.8-25 38.4-34M96.4 461.3c27-7.2 40.8-25 38.4-34s-23.2-17.5-50.2-10.3-40.8 25-38.4 34 23.2 17.6 50.3 10.3m430.1-111.4c30.7 22 65.4 46.9 76.8 89.4 3.3 12.2-4 24.8-16.2 28.1s-24.8-3.9-28.1-16.1c-7.1-26.7-32.5-44.9-59.2-64-2.2-1.6-4.4-3.2-6.7-4.8l33.5 125c10 37.2-21.1 76.9-70.8 90.2s-96.4-5.4-106.4-42.8 21.1-76.9 70.8-90.2c16.2-4.4 32.2-5.2 46.6-3.2L423 297.8c-3.3-12.2 4-24.8 16.2-28.1s24.8 3.9 28.1 16.1c7.1 26.7 32.5 44.9 59.2 64Zm-44.2 169.4c-2.4-9-23.2-17.6-50.2-10.3-27 7.2-40.8 25-38.4 34s23.2 17.6 50.2 10.3c27-7.2 40.8-25 38.4-34m-245.2 41.9-22.2 5.9-5.9-22.2c-3.3-12.2-15.8-19.5-28.1-16.2s-19.5 15.8-16.2 28.1l5.9 22.2-22.2 5.9c-12.2 3.3-19.5 15.8-16.2 28.1s15.8 19.5 28.1 16.2l22.2-5.9 5.9 22.2c3.3 12.2 15.8 19.5 28.1 16.2s19.5-15.8 16.2-28.1l-5.9-22.2 22.2-5.9c12.2-3.3 19.5-15.8 16.2-28.1s-15.8-19.5-28.1-16.2M479 105.8c-1.8-.5-4-1.2-6.1-1.8 1.6-1.7 3.1-3.3 4.4-4.6 11.6-12.2 27.4-28.8 21.8-49.9-5.7-21.1-27.7-27.6-43.8-32.3-4.2-1.2-10.9-3.2-14.2-4.8C436.3 3 425.4-2 414.8.8c-12.2 3.3-19.5 15.8-16.2 28.1 5.7 21.1 27.7 27.6 43.8 32.3 1.8.5 4 1.2 6.1 1.8-1.6 1.7-3.1 3.3-4.4 4.6-11.6 12.2-27.4 28.8-21.8 49.9 5.7 21.1 27.7 27.6 43.8 32.3 1.8.5 4 1.2 6.1 1.8-1.6 1.7-3.1 3.3-4.4 4.6-11.6 12.2-27.4 28.8-21.8 49.9 3.3 12.2 15.8 19.5 28.1 16.2 10.6-2.8 17.5-12.6 17-23.2 2.1-3 6.8-8 9.9-11.2 11.6-12.2 27.4-28.8 21.8-49.9-5.7-21.1-27.7-27.6-43.8-32.3Z\"><\/path><\/svg>\t\t\t<\/div>\n\t\t<\/div>\n\t\t\t\t\t\t<\/div>\n\t\t\t\t<div class=\"elementor-element elementor-element-df674ac elementor-widget__width-initial e-transform elementor-widget elementor-widget-image\" data-id=\"df674ac\" data-element_type=\"widget\" data-e-type=\"widget\" data-settings=\"{&quot;_transform_rotateZ_effect&quot;:{&quot;unit&quot;:&quot;px&quot;,&quot;size&quot;:-10,&quot;sizes&quot;:[]},&quot;_animation&quot;:&quot;none&quot;,&quot;_transform_rotateZ_effect_tablet_extra&quot;:{&quot;unit&quot;:&quot;deg&quot;,&quot;size&quot;:&quot;&quot;,&quot;sizes&quot;:[]},&quot;_transform_rotateZ_effect_tablet&quot;:{&quot;unit&quot;:&quot;deg&quot;,&quot;size&quot;:&quot;&quot;,&quot;sizes&quot;:[]},&quot;_transform_rotateZ_effect_mobile_extra&quot;:{&quot;unit&quot;:&quot;deg&quot;,&quot;size&quot;:&quot;&quot;,&quot;sizes&quot;:[]},&quot;_transform_rotateZ_effect_mobile&quot;:{&quot;unit&quot;:&quot;deg&quot;,&quot;size&quot;:&quot;&quot;,&quot;sizes&quot;:[]}}\" data-widget_type=\"image.default\">\n\t\t\t\t\t\t\t\t\t\t\t\t\t\t\t<img fetchpriority=\"high\" decoding=\"async\" width=\"1850\" height=\"1163\" src=\"https:\/\/jamboreejazz.com\/wp-content\/uploads\/2025\/10\/jamboree-tarjeta-regalo.webp\" class=\"attachment-full size-full wp-image-1873\" alt=\"\" srcset=\"https:\/\/jamboreejazz.com\/wp-content\/uploads\/2025\/10\/jamboree-tarjeta-regalo.webp 1850w, https:\/\/jamboreejazz.com\/wp-content\/uploads\/2025\/10\/jamboree-tarjeta-regalo-768x483.webp 768w, https:\/\/jamboreejazz.com\/wp-content\/uploads\/2025\/10\/jamboree-tarjeta-regalo-1536x966.webp 1536w\" sizes=\"(max-width: 1850px) 100vw, 1850px\" \/>\t\t\t\t\t\t\t\t\t\t\t\t\t\t\t<\/div>\n\t\t\t\t\t<\/div>\n\t\t\t\t<\/div>\n\t\t<div class=\"elementor-element elementor-element-3ee7c6f e-flex e-con-boxed e-con e-parent\" data-id=\"3ee7c6f\" data-element_type=\"container\" data-e-type=\"container\" data-settings=\"{&quot;background_background&quot;:&quot;classic&quot;}\">\n\t\t\t\t\t<div class=\"e-con-inner\">\n\t\t<div class=\"elementor-element elementor-element-61a66f1 e-con-full e-flex e-con e-child\" data-id=\"61a66f1\" data-element_type=\"container\" data-e-type=\"container\">\n\t\t\t\t<div class=\"elementor-element elementor-element-3d1dfae claim-inici elementor-widget__width-initial elementor-widget-tablet_extra__width-inherit elementor-invisible elementor-widget elementor-widget-heading\" data-id=\"3d1dfae\" data-element_type=\"widget\" data-e-type=\"widget\" data-settings=\"{&quot;_animation&quot;:&quot;fadeIn&quot;}\" data-widget_type=\"heading.default\">\n\t\t\t\t\t<div class=\"elementor-heading-title elementor-size-default\">\u00bfC\u00f3mo funciona?<\/div>\t\t\t\t<\/div>\n\t\t\t\t<div class=\"elementor-element elementor-element-f10893a elementor-invisible elementor-widget elementor-widget-text-editor\" data-id=\"f10893a\" data-element_type=\"widget\" data-e-type=\"widget\" data-settings=\"{&quot;_animation&quot;:&quot;fadeIn&quot;,&quot;_animation_delay&quot;:250}\" data-widget_type=\"text-editor.default\">\n\t\t\t\t\t\t\t\t\t<p>Puedes utilizar la Tarjeta Regalo para comprar en nuestra web jamboreejazz.com. Al finalizar el proceso de compra aparecer\u00e1 como m\u00e9todo de pago tarjeta regalo. Rellena en este apartado el c\u00f3digo de la Tarjeta Regalo. Puedes utilizar el saldo de la Tarjeta en varias compras. No v\u00e1lido para utilizar en taquilla f\u00edsica.<\/p>\t\t\t\t\t\t\t\t<\/div>\n\t\t\t\t<div class=\"elementor-element elementor-element-4e3c87c elementor-align-center elementor-invisible elementor-widget elementor-widget-button\" data-id=\"4e3c87c\" data-element_type=\"widget\" data-e-type=\"widget\" data-settings=\"{&quot;_animation&quot;:&quot;fadeInUp&quot;}\" data-widget_type=\"button.default\">\n\t\t\t\t\t\t\t\t\t\t<a class=\"elementor-button elementor-button-link elementor-size-sm\" href=\"https:\/\/tickets.oneboxtds.com\/jamboree\/gift-card?hl=es-ES\" target=\"_blank\" rel=\"noopener\">\n\t\t\t\t\t\t<span class=\"elementor-button-content-wrapper\">\n\t\t\t\t\t\t\t\t\t<span class=\"elementor-button-text\">Comprar tarjeta regalo<\/span>\n\t\t\t\t\t<\/span>\n\t\t\t\t\t<\/a>\n\t\t\t\t\t\t\t\t<\/div>\n\t\t\t\t<\/div>\n\t\t\t\t\t<\/div>\n\t\t\t\t<\/div>\n\t\t<div class=\"elementor-element elementor-element-ddb267a e-con-full e-flex e-con e-parent\" data-id=\"ddb267a\" data-element_type=\"container\" data-e-type=\"container\">\n\t\t\t\t<div class=\"elementor-element elementor-element-4b416dc elementor-widget elementor-widget-image\" data-id=\"4b416dc\" data-element_type=\"widget\" data-e-type=\"widget\" data-widget_type=\"image.default\">\n\t\t\t\t\t\t\t\t\t\t\t\t\t\t\t<img decoding=\"async\" width=\"2160\" height=\"1440\" src=\"https:\/\/jamboreejazz.com\/wp-content\/uploads\/2025\/10\/regala-jamboree-jazz.jpg\" class=\"attachment-full size-full wp-image-1905\" alt=\"\" srcset=\"https:\/\/jamboreejazz.com\/wp-content\/uploads\/2025\/10\/regala-jamboree-jazz.jpg 2160w, https:\/\/jamboreejazz.com\/wp-content\/uploads\/2025\/10\/regala-jamboree-jazz-768x512.jpg 768w, https:\/\/jamboreejazz.com\/wp-content\/uploads\/2025\/10\/regala-jamboree-jazz-1536x1024.jpg 1536w, https:\/\/jamboreejazz.com\/wp-content\/uploads\/2025\/10\/regala-jamboree-jazz-2048x1365.jpg 2048w\" sizes=\"(max-width: 2160px) 100vw, 2160px\" \/>\t\t\t\t\t\t\t\t\t\t\t\t\t\t\t<\/div>\n\t\t\t\t<\/div>\n\t\t\t\t<\/div>\n\t\t","protected":false},"excerpt":{"rendered":"<p>Regala Jamboree La Tarjeta Regalo de Jamboree Barcelona es la manera perfecta de compartir una experiencia \u00fanica en el club de jazz m\u00e1s emblem\u00e1tico de la ciudad. \u00bfC\u00f3mo funciona? Puedes [&hellip;]<\/p>\n","protected":false},"author":1,"featured_media":0,"parent":0,"menu_order":0,"comment_status":"closed","ping_status":"closed","template":"","meta":{"_acf_changed":false,"inline_featured_image":false,"_price":"","_stock":"","_tribe_ticket_header":"","_tribe_default_ticket_provider":"","_ticket_start_date":"","_ticket_end_date":"","_tribe_ticket_show_description":"","_tribe_ticket_show_not_going":false,"_tribe_ticket_use_global_stock":"","_tribe_ticket_global_stock_level":"","_global_stock_mode":"","_global_stock_cap":"","_tribe_rsvp_for_event":"","_tribe_ticket_going_count":"","_tribe_ticket_not_going_count":"","_tribe_tickets_list":"[]","_tribe_ticket_has_attendee_info_fields":false,"footnotes":"","_tec_slr_enabled":"","_tec_slr_layout":""},"class_list":["post-1857","page","type-page","status-publish","hentry"],"acf":[],"ticketed":false,"_links":{"self":[{"href":"https:\/\/jamboreejazz.com\/es\/wp-json\/wp\/v2\/pages\/1857","targetHints":{"allow":["GET"]}}],"collection":[{"href":"https:\/\/jamboreejazz.com\/es\/wp-json\/wp\/v2\/pages"}],"about":[{"href":"https:\/\/jamboreejazz.com\/es\/wp-json\/wp\/v2\/types\/page"}],"author":[{"embeddable":true,"href":"https:\/\/jamboreejazz.com\/es\/wp-json\/wp\/v2\/users\/1"}],"replies":[{"embeddable":true,"href":"https:\/\/jamboreejazz.com\/es\/wp-json\/wp\/v2\/comments?post=1857"}],"version-history":[{"count":3,"href":"https:\/\/jamboreejazz.com\/es\/wp-json\/wp\/v2\/pages\/1857\/revisions"}],"predecessor-version":[{"id":127292,"href":"https:\/\/jamboreejazz.com\/es\/wp-json\/wp\/v2\/pages\/1857\/revisions\/127292"}],"wp:attachment":[{"href":"https:\/\/jamboreejazz.com\/es\/wp-json\/wp\/v2\/media?parent=1857"}],"curies":[{"name":"wp","href":"https:\/\/api.w.org\/{rel}","templated":true}]}}